{"id":463,"date":"2021-05-15T22:04:08","date_gmt":"2021-05-15T22:04:08","guid":{"rendered":"http:\/\/dapcomputer.com\/index.php\/tienda\/"},"modified":"2021-05-16T22:21:21","modified_gmt":"2021-05-16T22:21:21","slug":"tienda","status":"publish","type":"page","link":"http:\/\/dapcomputer.com\/index.php\/tienda\/","title":{"rendered":"TIENDA DAPCOM"},"content":{"rendered":"","protected":false},"excerpt":{"rendered":"","protected":false},"author":1,"featured_media":543,"parent":0,"menu_order":0,"comment_status":"closed","ping_status":"closed","template":"","meta":[],"jetpack-related-posts":[{"id":474,"url":"http:\/\/dapcomputer.com\/","url_meta":{"origin":463,"position":0},"title":"TIENDA DAPCOM","author":"DPILATAXI","date":"15 mayo, 2021","format":false,"excerpt":"Buscas equipos? Ir de compras Nuevos productos Comprar ahora","rel":"","context":"Entrada similar","block_context":{"text":"Entrada similar","link":""},"img":{"alt_text":"","src":"","width":0,"height":0},"classes":[]},{"id":21,"url":"http:\/\/dapcomputer.com\/index.php\/nosotros\/","url_meta":{"origin":463,"position":1},"title":"QUI\u00c9NES SOMOS","author":"DPILATAXI","date":"18 septiembre, 2019","format":false,"excerpt":"DAPCOM, es una empresa ecuatoriana de Soluciones Tecnol\u00f3gicas que naci\u00f3 en el 2005 enfocada en la implementaci\u00f3n, comercializaci\u00f3n e integraci\u00f3n de proyectos tecnol\u00f3gicos para todos sus clientes a nivel Nacional. Para cumplir con este cometido DAPCOM cuenta con un completo staff de personal t\u00e9cnico calificado para todos sus servicios. MISI\u00d3N\u2026","rel":"","context":"Entrada similar","block_context":{"text":"Entrada similar","link":""},"img":{"alt_text":"","src":"https:\/\/i0.wp.com\/img.youtube.com\/vi\/I_lOUy6HvrI\/0.jpg?resize=350%2C200","width":350,"height":200},"classes":[]}],"_links":{"self":[{"href":"http:\/\/dapcomputer.com\/index.php\/wp-json\/wp\/v2\/pages\/463"}],"collection":[{"href":"http:\/\/dapcomputer.com\/index.php\/wp-json\/wp\/v2\/pages"}],"about":[{"href":"http:\/\/dapcomputer.com\/index.php\/wp-json\/wp\/v2\/types\/page"}],"author":[{"embeddable":true,"href":"http:\/\/dapcomputer.com\/index.php\/wp-json\/wp\/v2\/users\/1"}],"replies":[{"embeddable":true,"href":"http:\/\/dapcomputer.com\/index.php\/wp-json\/wp\/v2\/comments?post=463"}],"version-history":[{"count":5,"href":"http:\/\/dapcomputer.com\/index.php\/wp-json\/wp\/v2\/pages\/463\/revisions"}],"predecessor-version":[{"id":542,"href":"http:\/\/dapcomputer.com\/index.php\/wp-json\/wp\/v2\/pages\/463\/revisions\/542"}],"wp:featuredmedia":[{"embeddable":true,"href":"http:\/\/dapcomputer.com\/index.php\/wp-json\/wp\/v2\/media\/543"}],"wp:attachment":[{"href":"http:\/\/dapcomputer.com\/index.php\/wp-json\/wp\/v2\/media?parent=463"}],"curies":[{"name":"wp","href":"https:\/\/api.w.org\/{rel}","templated":true}]}}