{"id":15,"date":"2019-09-18T15:33:41","date_gmt":"2019-09-18T15:33:41","guid":{"rendered":"http:\/\/dapcomputer.com\/?page_id=15"},"modified":"2019-09-23T17:11:40","modified_gmt":"2019-09-23T17:11:40","slug":"servicios","status":"publish","type":"page","link":"https:\/\/dapcomputer.com\/index.php\/servicios\/","title":{"rendered":"SERVICIOS Y PRODUCTOS"},"content":{"rendered":"\n<table class=\"wp-block-table is-style-regular\"><tbody><tr><td><img decoding=\"async\" loading=\"lazy\" width=\"64\" height=\"64\" class=\"wp-image-96\" style=\"width: 64px;\" src=\"https:\/\/i0.wp.com\/dapcomputer.com\/wp-content\/uploads\/2019\/09\/118.jpg?resize=64%2C64\" alt=\"\" data-recalc-dims=\"1\"><strong>GESTI\u00d3N Y ASESORAMIENTO TI  <\/strong><br>Este servicio tiene por objetivo ofrecer una soluci\u00f3n global a todas las necesidades relacionadas con la inform\u00e1tica y las telecomunicaciones de una empresa. Podemos adaptarnos al grado de externalizaci\u00f3n requerido por cada empresa pudiendo llegar a constituir un departamento TIC completo.<\/td><\/tr><tr><td><br><strong> <\/strong><img decoding=\"async\" loading=\"lazy\" width=\"58\" height=\"57\" class=\"wp-image-122\" style=\"width: 58px;\" src=\"https:\/\/i0.wp.com\/dapcomputer.com\/wp-content\/uploads\/2019\/09\/120.jpg?resize=58%2C57\" alt=\"\" data-recalc-dims=\"1\"><strong>VENTA DE HARDWARE Y SOFTWARE <\/strong><br> Expendemos productos tecnol\u00f3gicos de    marcas reconocidas en el mercado y    garantizamos de esta forma su calidad. <\/td><\/tr><tr><td><br> <img decoding=\"async\" loading=\"lazy\" width=\"67\" height=\"65\" class=\"wp-image-125\" style=\"width: 64px;\" src=\"https:\/\/i0.wp.com\/dapcomputer.com\/wp-content\/uploads\/2019\/09\/126.jpg?resize=67%2C65\" alt=\"\" data-recalc-dims=\"1\"><strong>MANTENIMIENTO<br><\/strong><br><strong>Preventivo<\/strong><br>Consiste en la revisi\u00f3n en el software y hardware de la PC u ordenador lo que permite al usuario poseer un equipo fiable para intercambiar informaci\u00f3n a una m\u00e1xima velocidad con respecto a la configuraci\u00f3n del sistema as\u00ed tambi\u00e9n se\u00a0realiza procesos de  ajustes, limpieza, an\u00e1lisis, lubricaci\u00f3n, calibraci\u00f3n, reparaci\u00f3n, cambios de piezas, entre otros de manera anticipado con el fin de prevenir el surgimiento de aver\u00edas. <br><strong><br>Correctivo <\/strong><br>Suele ser necesario para mantener una computadora funcionando de manera correcta y eficiente. En este sentido, el mantenimiento correctivo bien puede atender fallas a nivel de\u00a0<em>hardware<\/em>\u00a0(disco duro, memoria, tarjeta de video, monitor, etc.), bien a nivel de\u00a0<em>software<\/em>, cuando estas son causadas por virus o errores en la programaci\u00f3n, entre otras cosas. <\/td><\/tr><tr><td> <br><strong> <\/strong><img decoding=\"async\" loading=\"lazy\" width=\"63\" height=\"61\" class=\"wp-image-124\" style=\"width: 63px;\" src=\"https:\/\/i0.wp.com\/dapcomputer.com\/wp-content\/uploads\/2019\/09\/125.jpg?resize=63%2C61\" alt=\"\" data-recalc-dims=\"1\"><strong>ALQUILER EQUIPOS TECNOL\u00d3GICOS <\/strong><br> Brindamos &nbsp;   el &nbsp;   servicio &nbsp;   de &nbsp;   alquiler &nbsp;   en &nbsp;   Servidores,    Impresoras, &nbsp;&nbsp;&nbsp;&nbsp;&nbsp;&nbsp;&nbsp;   multimedia, &nbsp;&nbsp;&nbsp;&nbsp;&nbsp;&nbsp;&nbsp;   equipos &nbsp;&nbsp;&nbsp;&nbsp;&nbsp;&nbsp;&nbsp;   de    comunicaci\u00f3n, etc.  <\/td><\/tr><tr><td> <br><img decoding=\"async\" loading=\"lazy\" width=\"70\" height=\"59\" class=\"wp-image-107\" style=\"width: 70px;\" src=\"https:\/\/i0.wp.com\/dapcomputer.com\/wp-content\/uploads\/2019\/09\/119.jpg?resize=70%2C59\" alt=\"\" data-recalc-dims=\"1\"><strong>HELP DESK Y SOPORTE T\u00c9CNICO <\/strong><br>Ofrecemos personal capacitado para asistencia en situ o remota que tiene como objetivo resolver incidencias TIC, as\u00ed como personal t\u00e9cnico calificado para solventar y reparar todo tipo de equipos tecnol\u00f3gicos. <\/td><\/tr><tr><td> <br><img decoding=\"async\" loading=\"lazy\" width=\"76\" height=\"70\" class=\"wp-image-123\" style=\"width: 76px;\" src=\"https:\/\/i0.wp.com\/dapcomputer.com\/wp-content\/uploads\/2019\/09\/121.jpg?resize=76%2C70\" alt=\"\" data-recalc-dims=\"1\"><strong>REDES Y TELECOMUNICACIONES <\/strong><br> Provisi\u00f3n e instalaci\u00f3n de Cableado Estructurado para Voz\/Data y El\u00e9ctrico.    Mantenimiento y Certificaci\u00f3n de su red de cableado. <br>Configuraci\u00f3n y dise\u00f1o de redes Inal\u00e1mbricas.  <\/td><\/tr><tr><td>  <br><img decoding=\"async\" loading=\"lazy\" width=\"67\" height=\"65\" class=\"wp-image-125\" style=\"width: 67px;\" src=\"https:\/\/i0.wp.com\/dapcomputer.com\/wp-content\/uploads\/2019\/09\/126.jpg?resize=67%2C65\" alt=\"\" data-recalc-dims=\"1\"><strong>OUTSOURCING <\/strong><br><br><strong>De HeLP Desk   <\/strong><br>T\u00e9cnicos especializados que permiten desligar recursos del cliente para enfocarse en  el soporte de primer nivel o bien le facilitan la implementaci\u00f3n de tecnolog\u00edas que permitan reducir riesgos de la curva de aprendizaje.  <br>  <br><strong>De IT    <\/strong><br>Nos encargamos de proveerle en arrendamiento sus laptops, desktops servidores a trav\u00e9s de nuestro servicio.<br><br><strong>De Impresi\u00f3n   <\/strong><br>Nos encargamos de gestionar sus impresiones con un servicio completo de equipos y suministros a trav\u00e9s de nuestro servicio dise\u00f1ado a su medida y presupuesto. <\/td><\/tr><\/tbody><\/table>\n\n\n\n<p><\/p>\n","protected":false},"excerpt":{"rendered":"<p>GESTI\u00d3N Y ASESORAMIENTO TI Este servicio tiene por objetivo ofrecer una soluci\u00f3n global a todas las necesidades relacionadas con la inform\u00e1tica y las telecomunicaciones de&hellip;<\/p>\n","protected":false},"author":1,"featured_media":0,"parent":0,"menu_order":0,"comment_status":"closed","ping_status":"closed","template":"","meta":[],"jetpack-related-posts":[{"id":21,"url":"https:\/\/dapcomputer.com\/index.php\/nosotros\/","url_meta":{"origin":15,"position":0},"title":"QUI\u00c9NES SOMOS","author":"DPILATAXI","date":"18 septiembre, 2019","format":false,"excerpt":"DAPCOM, es una empresa ecuatoriana de Soluciones Tecnol\u00f3gicas que naci\u00f3 en el 2005 enfocada en la implementaci\u00f3n, comercializaci\u00f3n e integraci\u00f3n de proyectos tecnol\u00f3gicos para todos sus clientes a nivel Nacional. Para cumplir con este cometido DAPCOM cuenta con un completo staff de personal t\u00e9cnico calificado para todos sus servicios. MISI\u00d3N\u2026","rel":"","context":"Entrada similar","block_context":{"text":"Entrada similar","link":""},"img":{"alt_text":"","src":"https:\/\/i0.wp.com\/img.youtube.com\/vi\/I_lOUy6HvrI\/0.jpg?resize=350%2C200","width":350,"height":200},"classes":[]},{"id":360,"url":"https:\/\/dapcomputer.com\/index.php\/desinfeccion-de-ambientes\/","url_meta":{"origin":15,"position":1},"title":"DESINFECCI\u00d3N DE AMBIENTES","author":"DPILATAXI","date":"1 mayo, 2020","format":false,"excerpt":"DESINFECCI\u00d3N CON HIPOCLORITO DE SODIO La Organizaci\u00f3n Mundial de la Salud (OMS) recomienda \u201cgarantizar que los procedimientos de limpieza y desinfecci\u00f3n ambiental se sigan de manera consistente y correcta. La limpieza a fondo de las superficies ambientales con hipoclorito de sodio son procedimientos efectivos y suficientes\" VENTAJAS DE NUESTRO SERVICIO\u2026","rel":"","context":"Entrada similar","block_context":{"text":"Entrada similar","link":""},"img":{"alt_text":"","src":"https:\/\/i0.wp.com\/dapcomputer.com\/wp-content\/uploads\/2020\/05\/2020-03-30-Desinfeccion-de-oficinas-portada-4.jpeg?resize=350%2C200&ssl=1","width":350,"height":200},"classes":[]},{"id":394,"url":"https:\/\/dapcomputer.com\/index.php\/soporte-remoto\/","url_meta":{"origin":15,"position":2},"title":"SOPORTE REMOTO","author":"DPILATAXI","date":"16 mayo, 2020","format":false,"excerpt":"Si hasta ahora has estado convencido de que un buen servicio de asistencia requiere la presencia f\u00edsica de un t\u00e9cnico; probablemente te sorprenda descubrir la enorme cantidad de beneficios que la asistencia remota puede ofrecer a tu organizaci\u00f3n. Para recibir nuestro soporte remoto sigue los siguientes pasos. 1.Ingresa al siguiente\u2026","rel":"","context":"Entrada similar","block_context":{"text":"Entrada similar","link":""},"img":{"alt_text":"","src":"https:\/\/i0.wp.com\/dapcomputer.com\/wp-content\/uploads\/2020\/05\/ftp.jpg?resize=350%2C200&ssl=1","width":350,"height":200},"classes":[]},{"id":474,"url":"https:\/\/dapcomputer.com\/","url_meta":{"origin":15,"position":3},"title":"TIENDA DAPCOM","author":"DPILATAXI","date":"15 mayo, 2021","format":false,"excerpt":"Buscas equipos? Ir de compras Nuevos productos Comprar ahora","rel":"","context":"Entrada similar","block_context":{"text":"Entrada similar","link":""},"img":{"alt_text":"","src":"","width":0,"height":0},"classes":[]}],"_links":{"self":[{"href":"https:\/\/dapcomputer.com\/index.php\/wp-json\/wp\/v2\/pages\/15"}],"collection":[{"href":"https:\/\/dapcomputer.com\/index.php\/wp-json\/wp\/v2\/pages"}],"about":[{"href":"https:\/\/dapcomputer.com\/index.php\/wp-json\/wp\/v2\/types\/page"}],"author":[{"embeddable":true,"href":"https:\/\/dapcomputer.com\/index.php\/wp-json\/wp\/v2\/users\/1"}],"replies":[{"embeddable":true,"href":"https:\/\/dapcomputer.com\/index.php\/wp-json\/wp\/v2\/comments?post=15"}],"version-history":[{"count":43,"href":"https:\/\/dapcomputer.com\/index.php\/wp-json\/wp\/v2\/pages\/15\/revisions"}],"predecessor-version":[{"id":584,"href":"https:\/\/dapcomputer.com\/index.php\/wp-json\/wp\/v2\/pages\/15\/revisions\/584"}],"wp:attachment":[{"href":"https:\/\/dapcomputer.com\/index.php\/wp-json\/wp\/v2\/media?parent=15"}],"curies":[{"name":"wp","href":"https:\/\/api.w.org\/{rel}","templated":true}]}}