{"id":150,"date":"2019-10-16T16:53:37","date_gmt":"2019-10-16T16:53:37","guid":{"rendered":"http:\/\/dapcomputer.com\/?page_id=150"},"modified":"2020-04-24T22:50:00","modified_gmt":"2020-04-24T22:50:00","slug":"impresiones-3d","status":"publish","type":"page","link":"https:\/\/dapcomputer.com\/index.php\/impresiones-3d\/","title":{"rendered":"IMPRESI\u00d3N 3D"},"content":{"rendered":"\n<div class=\"wp-block-image\"><figure class=\"aligncenter\"><img decoding=\"async\" loading=\"lazy\" width=\"843\" height=\"200\" src=\"https:\/\/i0.wp.com\/dapcomputer.com\/wp-content\/uploads\/2019\/11\/Impresoras-e1573245427526.jpg?resize=843%2C200\" alt=\"\" class=\"wp-image-159\" srcset=\"https:\/\/i0.wp.com\/dapcomputer.com\/wp-content\/uploads\/2019\/11\/Impresoras-e1573245427526.jpg?w=1700&amp;ssl=1 1700w, https:\/\/i0.wp.com\/dapcomputer.com\/wp-content\/uploads\/2019\/11\/Impresoras-e1573245427526.jpg?resize=600%2C143&amp;ssl=1 600w\" sizes=\"(max-width: 843px) 100vw, 843px\" data-recalc-dims=\"1\" \/><\/figure><\/div>\n\n\n\n<h4 class=\"wp-block-heading\"><strong>IMPRESORA ET4 &#8211; <\/strong>TOTALMENTE MET\u00c1LICA CON CHIPSET DE GRADO INDUSTRIAL<\/h4>\n\n\n\n<p><\/p>\n\n\n\n<table class=\"wp-block-table alignleft is-style-regular\"><tbody><tr><td><div id=\"metaslider-id-190\" style=\"width: 100%;\" class=\"ml-slider-3-31-0 metaslider metaslider-flex metaslider-190 ml-slider ms-theme-nivo-bar has-dots-nav\">\n    <div id=\"metaslider_container_190\">\n        <div id=\"metaslider_190\" class=\"flexslider\">\n            <ul aria-live=\"polite\" class=\"slides\">\n                <li style=\"display: block; width: 100%;\" class=\"slide-192 ms-image\"><img src=\"https:\/\/i0.wp.com\/dapcomputer.com\/wp-content\/uploads\/2020\/04\/ET4-1-400x400.png?resize=400%2C400&#038;ssl=1\" height=\"400\" width=\"400\" alt=\"\" class=\"slider-190 slide-192\" title=\"ET4-1\" data-recalc-dims=\"1\" \/><\/li>\n                <li style=\"display: none; width: 100%;\" class=\"slide-320 ms-image\"><img src=\"https:\/\/i0.wp.com\/dapcomputer.com\/wp-content\/uploads\/2020\/04\/ET4-2-400x400.jpg?resize=400%2C400&#038;ssl=1\" height=\"400\" width=\"400\" alt=\"\" class=\"slider-190 slide-320\" title=\"ET4 -2\" data-recalc-dims=\"1\" \/><\/li>\n                <li style=\"display: none; width: 100%;\" class=\"slide-322 ms-image\"><img src=\"https:\/\/i0.wp.com\/dapcomputer.com\/wp-content\/uploads\/2020\/04\/ET4-3-400x400.jpg?resize=400%2C400&#038;ssl=1\" height=\"400\" width=\"400\" alt=\"\" class=\"slider-190 slide-322\" title=\"ET4 -3\" data-recalc-dims=\"1\" \/><\/li>\n                <li style=\"display: none; width: 100%;\" class=\"slide-324 ms-image\"><img src=\"https:\/\/i0.wp.com\/dapcomputer.com\/wp-content\/uploads\/2020\/04\/ET4-4-400x400.jpg?resize=400%2C400&#038;ssl=1\" height=\"400\" width=\"400\" alt=\"\" class=\"slider-190 slide-324\" title=\"ET4 - 4\" data-recalc-dims=\"1\" \/><\/li>\n                <li style=\"display: none; width: 100%;\" class=\"slide-326 ms-image\"><img src=\"https:\/\/i0.wp.com\/dapcomputer.com\/wp-content\/uploads\/2020\/04\/ET4-5-400x400.jpg?resize=400%2C400&#038;ssl=1\" height=\"400\" width=\"400\" alt=\"\" class=\"slider-190 slide-326\" title=\"ET4 - 5\" data-recalc-dims=\"1\" \/><\/li>\n                <li style=\"display: none; width: 100%;\" class=\"slide-328 ms-image\"><img src=\"https:\/\/i0.wp.com\/dapcomputer.com\/wp-content\/uploads\/2020\/04\/ET4-6-400x400.png?resize=400%2C400&#038;ssl=1\" height=\"400\" width=\"400\" alt=\"\" class=\"slider-190 slide-328\" title=\"ET4 -6\" data-recalc-dims=\"1\" \/><\/li>\n                <li style=\"display: none; width: 100%;\" class=\"slide-330 ms-image\"><img src=\"https:\/\/i0.wp.com\/dapcomputer.com\/wp-content\/uploads\/2020\/04\/ET4-7-400x400.jpg?resize=400%2C400&#038;ssl=1\" height=\"400\" width=\"400\" alt=\"\" class=\"slider-190 slide-330\" title=\"ET4 - 7\" data-recalc-dims=\"1\" \/><\/li>\n                <li style=\"display: none; width: 100%;\" class=\"slide-332 ms-image\"><img src=\"https:\/\/i0.wp.com\/dapcomputer.com\/wp-content\/uploads\/2020\/04\/ET4-8-400x400.jpg?resize=400%2C400&#038;ssl=1\" height=\"400\" width=\"400\" alt=\"\" class=\"slider-190 slide-332\" title=\"ET4 - 8\" data-recalc-dims=\"1\" \/><\/li>\n            <\/ul>\n        <\/div>\n        \n    <\/div>\n<\/div><\/td><td><strong>Ultra silencioso con controlador paso a paso TMC2208 \/ controlador paso a paso A4988 :<\/strong>  Versi\u00f3n de controlador paso a paso TMC 2208 de hasta 256 micro pasos reales. <br><br><strong>Nivelaci\u00f3n autom\u00e1tica de la cama<\/strong>: La nivelaci\u00f3n autom\u00e1tica lo libera de tareas de nivelaci\u00f3n que requieren mucho tiempo y trabajo. <br><br><strong>Recuperaci\u00f3n del corte de energ\u00eda: <\/strong>Reanude la impresi\u00f3n y recuperase exactamente de donde lo dej\u00f3. No se preocupe por apagones inesperados. <br><br><strong>Detecci\u00f3n de filamentos: <\/strong>Detecci\u00f3n de filamentos que detecta el extremo del filamento y env\u00eda un recordatorio para evitar la impresi\u00f3n de aire. <br><br><strong>Asignaci\u00f3n autom\u00e1tica de filamentos:<\/strong>Carga y descarga autom\u00e1tica del filamento con solo un clic.<br> <br><strong>Ensamblado en poco tiempo:<\/strong> Con unidades de dise\u00f1o modular, podr\u00e1 ensamblar r\u00e1pidamente su ET4 en su primer intento en 10 minutos. <br>\u00a0<br><strong>Dise\u00f1o modular integrado<\/strong>: Dise\u00f1o modular integrado con pinboard de terminal para puertos de conexi\u00f3n, cables cubiertos y una apariencia m\u00e1s elegante. <br><br><strong>Dise\u00f1ado teniendo en cuenta la seguridad<\/strong>: La placa base cuenta con protecci\u00f3n t\u00e9rmica contra embalamiento.  <br><br><strong>Pantalla t\u00e1ctil de 2.8 pulgadas: <\/strong>Pantalla t\u00e1ctil LCD a todo color de 2.8 pulgadas para una f\u00e1cil operaci\u00f3n. <br><br><strong>Estructura de metal totalmente bien hecha:<\/strong> ET4 est\u00e1 construido para durar con una estructura de aluminio de alta resistencia. El dise\u00f1o unibody de metal cerrado permite una estructura m\u00e1s estable y r\u00edgida con un tama\u00f1o compacto.  <\/td><\/tr><\/tbody><\/table>\n\n\n\n<h4 class=\"wp-block-heading\"><strong>IMPRESORA N4<\/strong> &#8211; IMPRESORA 3D DE RESINA LCD<\/h4>\n\n\n\n<table class=\"wp-block-table\"><tbody><tr><td><div id=\"metaslider-id-220\" style=\"width: 100%;\" class=\"ml-slider-3-31-0 metaslider metaslider-flex metaslider-220 ml-slider ms-theme-nivo-bar has-dots-nav\">\n    <div id=\"metaslider_container_220\">\n        <div id=\"metaslider_220\" class=\"flexslider\">\n            <ul aria-live=\"polite\" class=\"slides\">\n                <li style=\"display: block; width: 100%;\" class=\"slide-334 ms-image\"><img src=\"https:\/\/i0.wp.com\/dapcomputer.com\/wp-content\/uploads\/2020\/04\/N4-1-400x400.jpg?resize=400%2C400&#038;ssl=1\" height=\"400\" width=\"400\" alt=\"\" class=\"slider-220 slide-334\" title=\"N4-1\" data-recalc-dims=\"1\" \/><\/li>\n                <li style=\"display: none; width: 100%;\" class=\"slide-336 ms-image\"><img src=\"https:\/\/i0.wp.com\/dapcomputer.com\/wp-content\/uploads\/2020\/04\/N4-2-400x400.jpg?resize=400%2C400&#038;ssl=1\" height=\"400\" width=\"400\" alt=\"\" class=\"slider-220 slide-336\" title=\"N4-2\" data-recalc-dims=\"1\" \/><\/li>\n                <li style=\"display: none; width: 100%;\" class=\"slide-338 ms-image\"><img src=\"https:\/\/i0.wp.com\/dapcomputer.com\/wp-content\/uploads\/2020\/04\/N4-3-400x400.jpg?resize=400%2C400&#038;ssl=1\" height=\"400\" width=\"400\" alt=\"\" class=\"slider-220 slide-338\" title=\"N4-3\" data-recalc-dims=\"1\" \/><\/li>\n                <li style=\"display: none; width: 100%;\" class=\"slide-340 ms-image\"><img src=\"https:\/\/i0.wp.com\/dapcomputer.com\/wp-content\/uploads\/2020\/04\/N4-4-400x400.jpg?resize=400%2C400&#038;ssl=1\" height=\"400\" width=\"400\" alt=\"\" class=\"slider-220 slide-340\" title=\"N4-4\" data-recalc-dims=\"1\" \/><\/li>\n                <li style=\"display: none; width: 100%;\" class=\"slide-342 ms-image\"><img src=\"https:\/\/i0.wp.com\/dapcomputer.com\/wp-content\/uploads\/2020\/04\/N4-5-400x400.jpg?resize=400%2C400&#038;ssl=1\" height=\"400\" width=\"400\" alt=\"\" class=\"slider-220 slide-342\" title=\"N4-5\" data-recalc-dims=\"1\" \/><\/li>\n                <li style=\"display: none; width: 100%;\" class=\"slide-344 ms-image\"><img src=\"https:\/\/i0.wp.com\/dapcomputer.com\/wp-content\/uploads\/2020\/04\/N4-6-400x400.jpg?resize=400%2C400&#038;ssl=1\" height=\"400\" width=\"400\" alt=\"\" class=\"slider-220 slide-344\" title=\"N4-6\" data-recalc-dims=\"1\" \/><\/li>\n                <li style=\"display: none; width: 100%;\" class=\"slide-346 ms-image\"><img src=\"https:\/\/i0.wp.com\/dapcomputer.com\/wp-content\/uploads\/2020\/04\/N4-7-400x400.jpg?resize=400%2C400&#038;ssl=1\" height=\"400\" width=\"400\" alt=\"\" class=\"slider-220 slide-346\" title=\"N4-7\" data-recalc-dims=\"1\" \/><\/li>\n                <li style=\"display: none; width: 100%;\" class=\"slide-348 ms-image\"><img src=\"https:\/\/i0.wp.com\/dapcomputer.com\/wp-content\/uploads\/2020\/04\/N4-8-400x400.jpg?resize=400%2C400&#038;ssl=1\" height=\"400\" width=\"400\" alt=\"\" class=\"slider-220 slide-348\" title=\"N4-8\" data-recalc-dims=\"1\" \/><\/li>\n                <li style=\"display: none; width: 100%;\" class=\"slide-350 ms-image\"><img src=\"https:\/\/i0.wp.com\/dapcomputer.com\/wp-content\/uploads\/2020\/04\/N4-9-400x400.jpg?resize=400%2C400&#038;ssl=1\" height=\"400\" width=\"400\" alt=\"\" class=\"slider-220 slide-350\" title=\"N4-9\" data-recalc-dims=\"1\" \/><\/li>\n                <li style=\"display: none; width: 100%;\" class=\"slide-352 ms-image\"><img src=\"https:\/\/i0.wp.com\/dapcomputer.com\/wp-content\/uploads\/2020\/04\/N4-10-400x400.gif?resize=400%2C400&#038;ssl=1\" height=\"400\" width=\"400\" alt=\"\" class=\"slider-220 slide-352\" title=\"N4-10\" data-recalc-dims=\"1\" \/><\/li>\n            <\/ul>\n        <\/div>\n        \n    <\/div>\n<\/div><\/td><td><strong>Precisi\u00f3n ultra alta: <\/strong>La precisi\u00f3n de N4 puede alcanzar hasta 40 \u03bcm, pero la impresora FDM es generalmente de 0,1 mm. N4 produce impresiones de alta calidad con un nivel de detalle sin precedentes. <br><br><strong>Alta velocidad de impresi\u00f3n<\/strong>: El UV cura toda la capa de resina con fuente de luz. La velocidad de impresi\u00f3n es mucho m\u00e1s r\u00e1pida en comparaci\u00f3n con la superposici\u00f3n capa por capa de la impresora FDM basada en la ruta. <br><br><strong>Dise\u00f1o de bola direccional: <\/strong>Adoptando un dise\u00f1o de rueda universal para hacer que la plataforma gire en m\u00faltiples direcciones y es m\u00e1s sencillo nivelar la cama de calor. <br><br><strong>Vista previa en vivo<\/strong>: Usando la pantalla t\u00e1ctil a color, la secci\u00f3n transversal de impresi\u00f3n se puede mostrar en tiempo real en proceso y monitoreando el efecto de impresi\u00f3n en cualquier momento. <br><br><strong>Plataforma extra\u00edble<\/strong>: La plataforma de impresi\u00f3n se puede desmontar para facilitar la extracci\u00f3n del modelo. <br><br><strong>ALPrint Slicer:<\/strong> Software de rebanador de desarrollo propio, ALPrint para un corte r\u00e1pido y una operaci\u00f3n f\u00e1cil. Las funciones se actualizan constantemente. <\/td><\/tr><\/tbody><\/table>\n\n\n\n<h4 class=\"wp-block-heading\"><strong>FILAMENTOS<\/strong> PLA \/ ABS 1.75MM PARA IMPRESORA 3D FDM<\/h4>\n\n\n\n<table class=\"wp-block-table\"><tbody><tr><td><div id=\"metaslider-id-241\" style=\"max-width: 400px;\" class=\"ml-slider-3-31-0 metaslider metaslider-flex metaslider-241 ml-slider ms-theme-nivo-bar has-dots-nav\">\n    <div id=\"metaslider_container_241\">\n        <div id=\"metaslider_241\" class=\"flexslider\">\n            <ul aria-live=\"polite\" class=\"slides\">\n                <li style=\"display: block; width: 100%;\" class=\"slide-260 ms-image\"><img src=\"https:\/\/i0.wp.com\/dapcomputer.com\/wp-content\/uploads\/2019\/11\/1-400x400.jpg?resize=400%2C400&#038;ssl=1\" height=\"400\" width=\"400\" alt=\"\" class=\"slider-241 slide-260\" title=\"1\" data-recalc-dims=\"1\" \/><\/li>\n                <li style=\"display: none; width: 100%;\" class=\"slide-261 ms-image\"><img src=\"https:\/\/i0.wp.com\/dapcomputer.com\/wp-content\/uploads\/2019\/11\/2-400x400.jpg?resize=400%2C400&#038;ssl=1\" height=\"400\" width=\"400\" alt=\"\" class=\"slider-241 slide-261\" title=\"2\" data-recalc-dims=\"1\" \/><\/li>\n                <li style=\"display: none; width: 100%;\" class=\"slide-262 ms-image\"><img src=\"https:\/\/i0.wp.com\/dapcomputer.com\/wp-content\/uploads\/2019\/11\/3-400x400.jpg?resize=400%2C400&#038;ssl=1\" height=\"400\" width=\"400\" alt=\"\" class=\"slider-241 slide-262\" title=\"3\" data-recalc-dims=\"1\" \/><\/li>\n                <li style=\"display: none; width: 100%;\" class=\"slide-263 ms-image\"><img src=\"https:\/\/i0.wp.com\/dapcomputer.com\/wp-content\/uploads\/2019\/11\/4-400x400.jpg?resize=400%2C400&#038;ssl=1\" height=\"400\" width=\"400\" alt=\"\" class=\"slider-241 slide-263\" title=\"4\" data-recalc-dims=\"1\" \/><\/li>\n                <li style=\"display: none; width: 100%;\" class=\"slide-264 ms-image\"><img src=\"https:\/\/i0.wp.com\/dapcomputer.com\/wp-content\/uploads\/2019\/11\/5-400x400.png?resize=400%2C400&#038;ssl=1\" height=\"400\" width=\"400\" alt=\"\" class=\"slider-241 slide-264\" title=\"5\" data-recalc-dims=\"1\" \/><\/li>\n                <li style=\"display: none; width: 100%;\" class=\"slide-265 ms-image\"><img src=\"https:\/\/i0.wp.com\/dapcomputer.com\/wp-content\/uploads\/2019\/11\/6-400x400.jpg?resize=400%2C400&#038;ssl=1\" height=\"400\" width=\"400\" alt=\"\" class=\"slider-241 slide-265\" title=\"6\" data-recalc-dims=\"1\" \/><\/li>\n                <li style=\"display: none; width: 100%;\" class=\"slide-266 ms-image\"><img src=\"https:\/\/i0.wp.com\/dapcomputer.com\/wp-content\/uploads\/2019\/11\/7-400x400.png?resize=400%2C400&#038;ssl=1\" height=\"400\" width=\"400\" alt=\"\" class=\"slider-241 slide-266\" title=\"7\" data-recalc-dims=\"1\" \/><\/li>\n                <li style=\"display: none; width: 100%;\" class=\"slide-267 ms-image\"><img src=\"https:\/\/i0.wp.com\/dapcomputer.com\/wp-content\/uploads\/2019\/11\/8-400x400.jpg?resize=400%2C400&#038;ssl=1\" height=\"400\" width=\"400\" alt=\"\" class=\"slider-241 slide-267\" title=\"8\" data-recalc-dims=\"1\" \/><\/li>\n                <li style=\"display: none; width: 100%;\" class=\"slide-268 ms-image\"><img src=\"https:\/\/i0.wp.com\/dapcomputer.com\/wp-content\/uploads\/2019\/11\/9-400x400.jpg?resize=400%2C400&#038;ssl=1\" height=\"400\" width=\"400\" alt=\"\" class=\"slider-241 slide-268\" title=\"9\" data-recalc-dims=\"1\" \/><\/li>\n                <li style=\"display: none; width: 100%;\" class=\"slide-269 ms-image\"><img src=\"https:\/\/i0.wp.com\/dapcomputer.com\/wp-content\/uploads\/2019\/11\/10-400x400.jpg?resize=400%2C400&#038;ssl=1\" height=\"400\" width=\"400\" alt=\"\" class=\"slider-241 slide-269\" title=\"10\" data-recalc-dims=\"1\" \/><\/li>\n                <li style=\"display: none; width: 100%;\" class=\"slide-270 ms-image\"><img src=\"https:\/\/i0.wp.com\/dapcomputer.com\/wp-content\/uploads\/2019\/11\/11-400x400.jpg?resize=400%2C400&#038;ssl=1\" height=\"400\" width=\"400\" alt=\"\" class=\"slider-241 slide-270\" title=\"11\" data-recalc-dims=\"1\" \/><\/li>\n                <li style=\"display: none; width: 100%;\" class=\"slide-271 ms-image\"><img src=\"https:\/\/i0.wp.com\/dapcomputer.com\/wp-content\/uploads\/2019\/11\/12-400x400.jpg?resize=400%2C400&#038;ssl=1\" height=\"400\" width=\"400\" alt=\"\" class=\"slider-241 slide-271\" title=\"12\" data-recalc-dims=\"1\" \/><\/li>\n                <li style=\"display: none; width: 100%;\" class=\"slide-272 ms-image\"><img src=\"https:\/\/i0.wp.com\/dapcomputer.com\/wp-content\/uploads\/2019\/11\/13-400x400.jpg?resize=400%2C400&#038;ssl=1\" height=\"400\" width=\"400\" alt=\"\" class=\"slider-241 slide-272\" title=\"13\" data-recalc-dims=\"1\" \/><\/li>\n                <li style=\"display: none; width: 100%;\" class=\"slide-273 ms-image\"><img src=\"https:\/\/i0.wp.com\/dapcomputer.com\/wp-content\/uploads\/2019\/11\/14-400x400.jpg?resize=400%2C400&#038;ssl=1\" height=\"400\" width=\"400\" alt=\"\" class=\"slider-241 slide-273\" title=\"14\" data-recalc-dims=\"1\" \/><\/li>\n                <li style=\"display: none; width: 100%;\" class=\"slide-274 ms-image\"><img src=\"https:\/\/i0.wp.com\/dapcomputer.com\/wp-content\/uploads\/2019\/11\/15-400x400.jpg?resize=400%2C400&#038;ssl=1\" height=\"400\" width=\"400\" alt=\"\" class=\"slider-241 slide-274\" title=\"15\" data-recalc-dims=\"1\" \/><\/li>\n                <li style=\"display: none; width: 100%;\" class=\"slide-275 ms-image\"><img src=\"https:\/\/i0.wp.com\/dapcomputer.com\/wp-content\/uploads\/2019\/11\/16-400x400.jpg?resize=400%2C400&#038;ssl=1\" height=\"400\" width=\"400\" alt=\"\" class=\"slider-241 slide-275\" title=\"16\" data-recalc-dims=\"1\" \/><\/li>\n                <li style=\"display: none; width: 100%;\" class=\"slide-276 ms-image\"><img src=\"https:\/\/i0.wp.com\/dapcomputer.com\/wp-content\/uploads\/2019\/11\/17-400x400.jpg?resize=400%2C400&#038;ssl=1\" height=\"400\" width=\"400\" alt=\"\" class=\"slider-241 slide-276\" title=\"17\" data-recalc-dims=\"1\" \/><\/li>\n                <li style=\"display: none; width: 100%;\" class=\"slide-277 ms-image\"><img src=\"https:\/\/i0.wp.com\/dapcomputer.com\/wp-content\/uploads\/2019\/11\/18-400x400.png?resize=400%2C400&#038;ssl=1\" height=\"400\" width=\"400\" alt=\"\" class=\"slider-241 slide-277\" title=\"18\" data-recalc-dims=\"1\" \/><\/li>\n            <\/ul>\n        <\/div>\n        \n    <\/div>\n<\/div><\/td><td> El filamento Anet es material 100% virgen, nunca use material reciclado o material triturado. <br><strong>1.<\/strong> Alta resistencia, menos problemas de bloqueo<br><strong>2.<\/strong> Buena dureza, adecuada para imprimir modelos de autom\u00f3viles, piezas industriales, regalos de boda artesanales.<br><strong>3.<\/strong> Envasado al vac\u00edo, f\u00e1cil de almacenar y evitar la oxidaci\u00f3n.<br><strong>4.<\/strong> Trabaje con la mayor\u00eda de las impresoras 3D FDM en el mercado. <br><strong>Longitud: <\/strong>1 kg 1.75 mm PLA &#8211; 350 m \/ 1050 pies.<br><strong>Temperatura de impresi\u00f3n: <\/strong>PLA: 180 \u00b0 C &#8211; 250 \u00b0 C <br><strong>Contenido del paquete: <\/strong>1 filamento de impresora 3D PLA 1 kg \/ 2.2 lb.<br><strong>Di\u00e1metro del carrete:<\/strong> 200 mm \/ 8 \u00bb <br><strong>Altura del carrete: <\/strong>65 mm \/ 2.50 \u00bb <br><strong>Di\u00e1metro del orificio del cubo del carrete: <\/strong>56 mm \/ 2.2 \u00bb <br><strong>Peso neto:<\/strong> 1 kg \/ 2.2 lb <\/td><\/tr><\/tbody><\/table>\n","protected":false},"excerpt":{"rendered":"<p>IMPRESORA ET4 &#8211; TOTALMENTE MET\u00c1LICA CON CHIPSET DE GRADO INDUSTRIAL Ultra silencioso con controlador paso a paso TMC2208 \/ controlador paso a paso A4988 :&hellip;<\/p>\n","protected":false},"author":1,"featured_media":0,"parent":0,"menu_order":0,"comment_status":"closed","ping_status":"closed","template":"","meta":[],"jetpack-related-posts":[{"id":394,"url":"https:\/\/dapcomputer.com\/index.php\/soporte-remoto\/","url_meta":{"origin":150,"position":0},"title":"SOPORTE REMOTO","author":"DPILATAXI","date":"16 mayo, 2020","format":false,"excerpt":"Si hasta ahora has estado convencido de que un buen servicio de asistencia requiere la presencia f\u00edsica de un t\u00e9cnico; probablemente te sorprenda descubrir la enorme cantidad de beneficios que la asistencia remota puede ofrecer a tu organizaci\u00f3n. Para recibir nuestro soporte remoto sigue los siguientes pasos. 1.Ingresa al siguiente\u2026","rel":"","context":"Entrada similar","block_context":{"text":"Entrada similar","link":""},"img":{"alt_text":"","src":"https:\/\/i0.wp.com\/dapcomputer.com\/wp-content\/uploads\/2020\/05\/ftp.jpg?resize=350%2C200&ssl=1","width":350,"height":200},"classes":[]},{"id":15,"url":"https:\/\/dapcomputer.com\/index.php\/servicios\/","url_meta":{"origin":150,"position":1},"title":"SERVICIOS Y PRODUCTOS","author":"DPILATAXI","date":"18 septiembre, 2019","format":false,"excerpt":"GESTI\u00d3N Y ASESORAMIENTO TI Este servicio tiene por objetivo ofrecer una soluci\u00f3n global a todas las necesidades relacionadas con la inform\u00e1tica y las telecomunicaciones de una empresa. Podemos adaptarnos al grado de externalizaci\u00f3n requerido por cada empresa pudiendo llegar a constituir un departamento TIC completo. VENTA DE HARDWARE Y SOFTWARE\u2026","rel":"","context":"Entrada similar","block_context":{"text":"Entrada similar","link":""},"img":{"alt_text":"","src":"","width":0,"height":0},"classes":[]}],"_links":{"self":[{"href":"https:\/\/dapcomputer.com\/index.php\/wp-json\/wp\/v2\/pages\/150"}],"collection":[{"href":"https:\/\/dapcomputer.com\/index.php\/wp-json\/wp\/v2\/pages"}],"about":[{"href":"https:\/\/dapcomputer.com\/index.php\/wp-json\/wp\/v2\/types\/page"}],"author":[{"embeddable":true,"href":"https:\/\/dapcomputer.com\/index.php\/wp-json\/wp\/v2\/users\/1"}],"replies":[{"embeddable":true,"href":"https:\/\/dapcomputer.com\/index.php\/wp-json\/wp\/v2\/comments?post=150"}],"version-history":[{"count":43,"href":"https:\/\/dapcomputer.com\/index.php\/wp-json\/wp\/v2\/pages\/150\/revisions"}],"predecessor-version":[{"id":359,"href":"https:\/\/dapcomputer.com\/index.php\/wp-json\/wp\/v2\/pages\/150\/revisions\/359"}],"wp:attachment":[{"href":"https:\/\/dapcomputer.com\/index.php\/wp-json\/wp\/v2\/media?parent=150"}],"curies":[{"name":"wp","href":"https:\/\/api.w.org\/{rel}","templated":true}]}}