{"id":21,"date":"2019-09-18T15:36:31","date_gmt":"2019-09-18T15:36:31","guid":{"rendered":"http:\/\/dapcomputer.com\/?page_id=21"},"modified":"2020-07-10T15:33:31","modified_gmt":"2020-07-10T15:33:31","slug":"nosotros","status":"publish","type":"page","link":"https:\/\/dapcomputer.com\/index.php\/nosotros\/","title":{"rendered":"QUI\u00c9NES SOMOS"},"content":{"rendered":"\n<p class=\"has-medium-font-size\"><strong>DAPCOM<\/strong>, es una empresa ecuatoriana de Soluciones Tecnol\u00f3gicas  que naci\u00f3 en el 2005 enfocada en la implementaci\u00f3n, comercializaci\u00f3n e integraci\u00f3n de proyectos tecnol\u00f3gicos para todos sus clientes a nivel Nacional. Para cumplir con este cometido  DAPCOM cuenta con un completo staff de personal t\u00e9cnico calificado para todos sus servicios.<\/p>\n\n\n\n<h3 class=\"wp-block-heading\">MISI\u00d3N<\/h3>\n\n\n\n<p class=\"has-medium-font-size\">Proveer a nuestros clientes soluciones inform\u00e1ticas garantizando que sacaran el mayor provecho a su inversi\u00f3n tecnol\u00f3gica favoreciendo el logro de objetivos empresariales de todos nuestros clientes, permiti\u00e9ndoles enfrentar los nuevos retos que la Econom\u00eda y que el Pa\u00eds demanda. <\/p>\n\n\n\n<h3 class=\"wp-block-heading\">VISI\u00d3N<\/h3>\n\n\n\n<p class=\"has-medium-font-size\">Ser socio estrat\u00e9gico en todo lo que concierne a tecnolog\u00eda para nuestros clientes<\/p>\n\n\n\n<figure class=\"wp-block-embed-youtube wp-block-embed is-type-video is-provider-youtube wp-embed-aspect-16-9 wp-has-aspect-ratio\"><div class=\"wp-block-embed__wrapper\">\n<iframe loading=\"lazy\" title=\"DAPCOM - SERVICIOS Y PRODUCTOS\" width=\"843\" height=\"474\" src=\"https:\/\/www.youtube.com\/embed\/I_lOUy6HvrI?feature=oembed\" frameborder=\"0\" allow=\"accelerometer; autoplay; encrypted-media; gyroscope; picture-in-picture\" allowfullscreen><\/iframe>\n<\/div><\/figure>\n\n\n\n<figure class=\"wp-block-image\"><img decoding=\"async\" loading=\"lazy\" width=\"801\" height=\"67\" src=\"https:\/\/i0.wp.com\/dapcomputer.com\/wp-content\/uploads\/2019\/09\/189.jpg?resize=801%2C67\" alt=\"\" class=\"wp-image-139\" srcset=\"https:\/\/i0.wp.com\/dapcomputer.com\/wp-content\/uploads\/2019\/09\/189.jpg?w=801&amp;ssl=1 801w, https:\/\/i0.wp.com\/dapcomputer.com\/wp-content\/uploads\/2019\/09\/189.jpg?resize=600%2C50&amp;ssl=1 600w, https:\/\/i0.wp.com\/dapcomputer.com\/wp-content\/uploads\/2019\/09\/189.jpg?resize=300%2C25&amp;ssl=1 300w, https:\/\/i0.wp.com\/dapcomputer.com\/wp-content\/uploads\/2019\/09\/189.jpg?resize=768%2C64&amp;ssl=1 768w\" sizes=\"(max-width: 801px) 100vw, 801px\" data-recalc-dims=\"1\" \/><\/figure>\n","protected":false},"excerpt":{"rendered":"<p>DAPCOM, es una empresa ecuatoriana de Soluciones Tecnol\u00f3gicas que naci\u00f3 en el 2005 enfocada en la implementaci\u00f3n, comercializaci\u00f3n e integraci\u00f3n de proyectos tecnol\u00f3gicos para todos&hellip;<\/p>\n","protected":false},"author":1,"featured_media":0,"parent":0,"menu_order":0,"comment_status":"closed","ping_status":"closed","template":"","meta":[],"jetpack-related-posts":[{"id":15,"url":"https:\/\/dapcomputer.com\/index.php\/servicios\/","url_meta":{"origin":21,"position":0},"title":"SERVICIOS Y PRODUCTOS","author":"DPILATAXI","date":"18 septiembre, 2019","format":false,"excerpt":"GESTI\u00d3N Y ASESORAMIENTO TI Este servicio tiene por objetivo ofrecer una soluci\u00f3n global a todas las necesidades relacionadas con la inform\u00e1tica y las telecomunicaciones de una empresa. Podemos adaptarnos al grado de externalizaci\u00f3n requerido por cada empresa pudiendo llegar a constituir un departamento TIC completo. VENTA DE HARDWARE Y SOFTWARE\u2026","rel":"","context":"Entrada similar","block_context":{"text":"Entrada similar","link":""},"img":{"alt_text":"","src":"","width":0,"height":0},"classes":[]}],"_links":{"self":[{"href":"https:\/\/dapcomputer.com\/index.php\/wp-json\/wp\/v2\/pages\/21"}],"collection":[{"href":"https:\/\/dapcomputer.com\/index.php\/wp-json\/wp\/v2\/pages"}],"about":[{"href":"https:\/\/dapcomputer.com\/index.php\/wp-json\/wp\/v2\/types\/page"}],"author":[{"embeddable":true,"href":"https:\/\/dapcomputer.com\/index.php\/wp-json\/wp\/v2\/users\/1"}],"replies":[{"embeddable":true,"href":"https:\/\/dapcomputer.com\/index.php\/wp-json\/wp\/v2\/comments?post=21"}],"version-history":[{"count":25,"href":"https:\/\/dapcomputer.com\/index.php\/wp-json\/wp\/v2\/pages\/21\/revisions"}],"predecessor-version":[{"id":441,"href":"https:\/\/dapcomputer.com\/index.php\/wp-json\/wp\/v2\/pages\/21\/revisions\/441"}],"wp:attachment":[{"href":"https:\/\/dapcomputer.com\/index.php\/wp-json\/wp\/v2\/media?parent=21"}],"curies":[{"name":"wp","href":"https:\/\/api.w.org\/{rel}","templated":true}]}}