{"id":474,"date":"2021-05-15T22:54:13","date_gmt":"2021-05-15T22:54:13","guid":{"rendered":"http:\/\/dapcomputer.com\/index.php\/pagina-de-inicio\/"},"modified":"2021-05-16T22:49:40","modified_gmt":"2021-05-16T22:49:40","slug":"pagina-de-inicio","status":"publish","type":"page","link":"https:\/\/dapcomputer.com\/","title":{"rendered":"TIENDA DAPCOM"},"content":{"rendered":"\n<div class=\"wp-block-cover\" style=\"min-height:482px\"><img decoding=\"async\" loading=\"lazy\" width=\"843\" height=\"422\" class=\"wp-block-cover__image-background wp-image-484\" alt=\"\" src=\"https:\/\/i0.wp.com\/dapcomputer.com\/wp-content\/uploads\/2021\/05\/Tienda.jpg?resize=843%2C422\" style=\"object-position:66% 41%\" data-object-fit=\"cover\" data-object-position=\"66% 41%\" srcset=\"https:\/\/i0.wp.com\/dapcomputer.com\/wp-content\/uploads\/2021\/05\/Tienda.jpg?w=1080&amp;ssl=1 1080w, https:\/\/i0.wp.com\/dapcomputer.com\/wp-content\/uploads\/2021\/05\/Tienda.jpg?resize=300%2C150&amp;ssl=1 300w, https:\/\/i0.wp.com\/dapcomputer.com\/wp-content\/uploads\/2021\/05\/Tienda.jpg?resize=1024%2C512&amp;ssl=1 1024w, https:\/\/i0.wp.com\/dapcomputer.com\/wp-content\/uploads\/2021\/05\/Tienda.jpg?resize=768%2C384&amp;ssl=1 768w, https:\/\/i0.wp.com\/dapcomputer.com\/wp-content\/uploads\/2021\/05\/Tienda.jpg?resize=600%2C300&amp;ssl=1 600w\" sizes=\"(max-width: 843px) 100vw, 843px\" data-recalc-dims=\"1\" \/><div class=\"wp-block-cover__inner-container\">\n<p class=\"has-text-align-left has-white-color has-text-color has-large-font-size\">Buscas equipos?<\/p>\n\n\n\n<p class=\"has-text-align-left has-white-color has-text-color\"><\/p>\n\n\n\n<p><\/p>\n\n\n\n<div class=\"wp-block-button alignleft is-style-fill\"><a class=\"wp-block-button__link has-white-color has-luminous-vivid-orange-background-color has-text-color has-background\" href=\"http:\/\/dapcomputer.com\/index.php\/tienda\/\">Ir de compras<\/a><\/div>\n\n\n\n<p><\/p>\n<\/div><\/div>\n\n\n\n<h2 class=\"has-text-align-center wp-block-heading\">Nuevos productos<\/h2>\n\n\n<div data-block-name=\"woocommerce\/product-new\" data-align-buttons=\"true\" data-content-visibility=\"{&quot;title&quot;:true,&quot;price&quot;:true,&quot;rating&quot;:true,&quot;button&quot;:true}\" class=\"wc-block-grid wp-block-product-new wc-block-product-new has-3-columns has-multiple-rows alignfull has-aligned-buttons\"><ul class=\"wc-block-grid__products\"><li class=\"wc-block-grid__product\">\n\t\t\t\t<a href=\"https:\/\/dapcomputer.com\/index.php\/producto\/computador-portatil-dell-latitude-3410-14pulg-gcc78-i5-10210u-8gb-32001x8-1tb-hdd-w10p-1yw\/\" class=\"wc-block-grid__product-link\">\n\t\t\t\t\t<div class=\"wc-block-grid__product-image\"><img width=\"300\" height=\"300\" src=\"https:\/\/i0.wp.com\/dapcomputer.com\/wp-content\/uploads\/2021\/05\/3511.jpg?resize=300%2C300&amp;ssl=1\" class=\"attachment-woocommerce_thumbnail size-woocommerce_thumbnail\" alt=\"COMPUTADOR PORTATIL DELL INSPIRON 15 3511 CORE I5-1135G7\/ 8GB RAM\/256GB SSD\/PAN 15.6 FHD\/UBUNTU DELL\" decoding=\"async\" loading=\"lazy\" srcset=\"https:\/\/i0.wp.com\/dapcomputer.com\/wp-content\/uploads\/2021\/05\/3511.jpg?resize=150%2C150&amp;ssl=1 150w, https:\/\/i0.wp.com\/dapcomputer.com\/wp-content\/uploads\/2021\/05\/3511.jpg?resize=300%2C300&amp;ssl=1 300w, https:\/\/i0.wp.com\/dapcomputer.com\/wp-content\/uploads\/2021\/05\/3511.jpg?resize=100%2C100&amp;ssl=1 100w\" sizes=\"(max-width: 300px) 100vw, 300px\" \/><\/div>\n\t\t\t\t\t<div class=\"wc-block-grid__product-title\">COMPUTADOR PORTATIL DELL INSPIRON 15 3511 CORE I5-1135G7\/ 8GB RAM\/256GB SSD\/PAN 15.6 FHD\/UBUNTU DELL<\/div>\n\t\t\t\t<\/a>\n\t\t\t\t\n\t\t\t\t<div class=\"wc-block-grid__product-price price\"><span class=\"woocommerce-Price-amount amount\"><span class=\"woocommerce-Price-currencySymbol\">&#036;<\/span>590<\/span><\/div>\n\t\t\t\t\n\t\t\t\t<div class=\"wp-block-button wc-block-grid__product-add-to-cart\"><a href=\"?add-to-cart=554\" aria-label=\"A\u00f1ade &ldquo;COMPUTADOR PORTATIL DELL INSPIRON 15 3511 CORE I5-1135G7\/ 8GB RAM\/256GB SSD\/PAN 15.6 FHD\/UBUNTU DELL&rdquo; a tu carrito\" data-quantity=\"1\" data-product_id=\"554\" data-product_sku=\"98J7T\" rel=\"nofollow\" class=\"wp-block-button__link wp-element-button add_to_cart_button ajax_add_to_cart\">A\u00f1adir al carrito<\/a><\/div>\n\t\t\t<\/li><li class=\"wc-block-grid__product\">\n\t\t\t\t<a href=\"https:\/\/dapcomputer.com\/index.php\/producto\/disco-solido-ssd-crucial-240gb-x500-sata\/\" class=\"wc-block-grid__product-link\">\n\t\t\t\t\t<div class=\"wc-block-grid__product-image\"><img width=\"300\" height=\"300\" src=\"https:\/\/i0.wp.com\/dapcomputer.com\/wp-content\/uploads\/2021\/05\/1-1.jpg?resize=300%2C300&amp;ssl=1\" class=\"attachment-woocommerce_thumbnail size-woocommerce_thumbnail\" alt=\"DISCO SOLIDO SSD KINGSTON A400 480GB\" decoding=\"async\" loading=\"lazy\" srcset=\"https:\/\/i0.wp.com\/dapcomputer.com\/wp-content\/uploads\/2021\/05\/1-1.jpg?w=416&amp;ssl=1 416w, https:\/\/i0.wp.com\/dapcomputer.com\/wp-content\/uploads\/2021\/05\/1-1.jpg?resize=300%2C300&amp;ssl=1 300w, https:\/\/i0.wp.com\/dapcomputer.com\/wp-content\/uploads\/2021\/05\/1-1.jpg?resize=150%2C150&amp;ssl=1 150w, https:\/\/i0.wp.com\/dapcomputer.com\/wp-content\/uploads\/2021\/05\/1-1.jpg?resize=100%2C100&amp;ssl=1 100w\" sizes=\"(max-width: 300px) 100vw, 300px\" \/><\/div>\n\t\t\t\t\t<div class=\"wc-block-grid__product-title\">DISCO SOLIDO SSD KINGSTON A400 480GB<\/div>\n\t\t\t\t<\/a>\n\t\t\t\t\n\t\t\t\t<div class=\"wc-block-grid__product-price price\"><span class=\"woocommerce-Price-amount amount\"><span class=\"woocommerce-Price-currencySymbol\">&#036;<\/span>45<\/span><\/div>\n\t\t\t\t\n\t\t\t\t<div class=\"wp-block-button wc-block-grid__product-add-to-cart\"><a href=\"?add-to-cart=539\" aria-label=\"A\u00f1ade &ldquo;DISCO SOLIDO SSD KINGSTON A400 480GB&rdquo; a tu carrito\" data-quantity=\"1\" data-product_id=\"539\" data-product_sku=\"SA400S37\/480G\" rel=\"nofollow\" class=\"wp-block-button__link wp-element-button add_to_cart_button ajax_add_to_cart\">A\u00f1adir al carrito<\/a><\/div>\n\t\t\t<\/li><li class=\"wc-block-grid__product\">\n\t\t\t\t<a href=\"https:\/\/dapcomputer.com\/index.php\/producto\/licencia-antivirus-eset-nod32-oem-suscripcion-anual-para-plataforma-windows\/\" class=\"wc-block-grid__product-link\">\n\t\t\t\t\t<div class=\"wc-block-grid__product-image\"><img width=\"300\" height=\"300\" src=\"https:\/\/i0.wp.com\/dapcomputer.com\/wp-content\/uploads\/2021\/05\/NOD32-OEM-gr.jpg?resize=300%2C300&amp;ssl=1\" class=\"attachment-woocommerce_thumbnail size-woocommerce_thumbnail\" alt=\"LICENCIA ANTIVIRUS ESET NOD32 OEM, SUSCRIPCI\u00d3N ANUAL PARA PLATAFORMA WINDOWS\" decoding=\"async\" loading=\"lazy\" srcset=\"https:\/\/i0.wp.com\/dapcomputer.com\/wp-content\/uploads\/2021\/05\/NOD32-OEM-gr.jpg?resize=150%2C150&amp;ssl=1 150w, https:\/\/i0.wp.com\/dapcomputer.com\/wp-content\/uploads\/2021\/05\/NOD32-OEM-gr.jpg?resize=300%2C300&amp;ssl=1 300w, https:\/\/i0.wp.com\/dapcomputer.com\/wp-content\/uploads\/2021\/05\/NOD32-OEM-gr.jpg?resize=100%2C100&amp;ssl=1 100w, https:\/\/i0.wp.com\/dapcomputer.com\/wp-content\/uploads\/2021\/05\/NOD32-OEM-gr.jpg?zoom=2&amp;resize=300%2C300 600w, https:\/\/i0.wp.com\/dapcomputer.com\/wp-content\/uploads\/2021\/05\/NOD32-OEM-gr.jpg?zoom=3&amp;resize=300%2C300 900w\" sizes=\"(max-width: 300px) 100vw, 300px\" \/><\/div>\n\t\t\t\t\t<div class=\"wc-block-grid__product-title\">LICENCIA ANTIVIRUS ESET NOD32 OEM, SUSCRIPCI\u00d3N ANUAL PARA PLATAFORMA WINDOWS<\/div>\n\t\t\t\t<\/a>\n\t\t\t\t\n\t\t\t\t<div class=\"wc-block-grid__product-price price\"><span class=\"woocommerce-Price-amount amount\"><span class=\"woocommerce-Price-currencySymbol\">&#036;<\/span>20<\/span><\/div>\n\t\t\t\t\n\t\t\t\t<div class=\"wp-block-button wc-block-grid__product-add-to-cart\"><a href=\"?add-to-cart=537\" aria-label=\"A\u00f1ade &ldquo;LICENCIA ANTIVIRUS ESET NOD32 OEM, SUSCRIPCI\u00d3N ANUAL PARA PLATAFORMA WINDOWS&rdquo; a tu carrito\" data-quantity=\"1\" data-product_id=\"537\" data-product_sku=\"NOD32-OEM\" rel=\"nofollow\" class=\"wp-block-button__link wp-element-button add_to_cart_button ajax_add_to_cart\">A\u00f1adir al carrito<\/a><\/div>\n\t\t\t<\/li><li class=\"wc-block-grid__product\">\n\t\t\t\t<a href=\"https:\/\/dapcomputer.com\/index.php\/producto\/impresora-multifuncion-hp-wl-500-tinta-continua-11ppm-5-ppm-incluye-cables-usb\/\" class=\"wc-block-grid__product-link\">\n\t\t\t\t\t<div class=\"wc-block-grid__product-image\"><img width=\"300\" height=\"300\" src=\"https:\/\/i0.wp.com\/dapcomputer.com\/wp-content\/uploads\/2021\/05\/L3210.jpg?resize=300%2C300&amp;ssl=1\" class=\"attachment-woocommerce_thumbnail size-woocommerce_thumbnail\" alt=\"IMPRESORA EPSON L1250 SINGLE FUCTION WIFI CON APP SMART PANEL COPIA\/ESCANEA T544 C11CJ71301\" decoding=\"async\" loading=\"lazy\" srcset=\"https:\/\/i0.wp.com\/dapcomputer.com\/wp-content\/uploads\/2021\/05\/L3210.jpg?resize=150%2C150&amp;ssl=1 150w, https:\/\/i0.wp.com\/dapcomputer.com\/wp-content\/uploads\/2021\/05\/L3210.jpg?resize=300%2C300&amp;ssl=1 300w, https:\/\/i0.wp.com\/dapcomputer.com\/wp-content\/uploads\/2021\/05\/L3210.jpg?resize=100%2C100&amp;ssl=1 100w\" sizes=\"(max-width: 300px) 100vw, 300px\" \/><\/div>\n\t\t\t\t\t<div class=\"wc-block-grid__product-title\">IMPRESORA EPSON L1250 SINGLE FUCTION WIFI CON APP SMART PANEL COPIA\/ESCANEA T544 C11CJ71301<\/div>\n\t\t\t\t<\/a>\n\t\t\t\t\n\t\t\t\t<div class=\"wc-block-grid__product-price price\"><span class=\"woocommerce-Price-amount amount\"><span class=\"woocommerce-Price-currencySymbol\">&#036;<\/span>268<\/span><\/div>\n\t\t\t\t\n\t\t\t\t<div class=\"wp-block-button wc-block-grid__product-add-to-cart\"><a href=\"?add-to-cart=530\" aria-label=\"A\u00f1ade &ldquo;IMPRESORA EPSON L1250 SINGLE FUCTION WIFI CON APP SMART PANEL COPIA\/ESCANEA T544 C11CJ71301&rdquo; a tu carrito\" data-quantity=\"1\" data-product_id=\"530\" data-product_sku=\"C11CJ7130\" rel=\"nofollow\" class=\"wp-block-button__link wp-element-button add_to_cart_button ajax_add_to_cart\">A\u00f1adir al carrito<\/a><\/div>\n\t\t\t<\/li><li class=\"wc-block-grid__product\">\n\t\t\t\t<a href=\"https:\/\/dapcomputer.com\/index.php\/producto\/impresora-multifuncion-epson-tinta-continua-l3150-wifi-33-ppm-negro-15-ppm-color\/\" class=\"wc-block-grid__product-link\">\n\t\t\t\t\t<div class=\"wc-block-grid__product-image\"><img width=\"300\" height=\"300\" src=\"https:\/\/i0.wp.com\/dapcomputer.com\/wp-content\/uploads\/2021\/05\/L3250.jpg?resize=300%2C300&amp;ssl=1\" class=\"attachment-woocommerce_thumbnail size-woocommerce_thumbnail\" alt=\"IMPRESORA EPSON L3250 MULTIFUNCION WIFI\/COPIA\/ESCANEA APP SMART PANEL T544 C11CJ67301 EPSON\" decoding=\"async\" loading=\"lazy\" srcset=\"https:\/\/i0.wp.com\/dapcomputer.com\/wp-content\/uploads\/2021\/05\/L3250.jpg?resize=150%2C150&amp;ssl=1 150w, https:\/\/i0.wp.com\/dapcomputer.com\/wp-content\/uploads\/2021\/05\/L3250.jpg?resize=300%2C300&amp;ssl=1 300w, https:\/\/i0.wp.com\/dapcomputer.com\/wp-content\/uploads\/2021\/05\/L3250.jpg?resize=100%2C100&amp;ssl=1 100w\" sizes=\"(max-width: 300px) 100vw, 300px\" \/><\/div>\n\t\t\t\t\t<div class=\"wc-block-grid__product-title\">IMPRESORA EPSON L3250 MULTIFUNCION WIFI\/COPIA\/ESCANEA APP SMART PANEL T544 C11CJ67301 EPSON<\/div>\n\t\t\t\t<\/a>\n\t\t\t\t\n\t\t\t\t<div class=\"wc-block-grid__product-price price\"><span class=\"woocommerce-Price-amount amount\"><span class=\"woocommerce-Price-currencySymbol\">&#036;<\/span>310<\/span><\/div>\n\t\t\t\t\n\t\t\t\t<div class=\"wp-block-button wc-block-grid__product-add-to-cart\"><a href=\"?add-to-cart=528\" aria-label=\"A\u00f1ade &ldquo;IMPRESORA EPSON L3250 MULTIFUNCION WIFI\/COPIA\/ESCANEA APP SMART PANEL T544 C11CJ67301 EPSON&rdquo; a tu carrito\" data-quantity=\"1\" data-product_id=\"528\" data-product_sku=\"C11CJ67301\" rel=\"nofollow\" class=\"wp-block-button__link wp-element-button add_to_cart_button ajax_add_to_cart\">A\u00f1adir al carrito<\/a><\/div>\n\t\t\t<\/li><li class=\"wc-block-grid__product\">\n\t\t\t\t<a href=\"https:\/\/dapcomputer.com\/index.php\/producto\/xtratech-amd-fx8370-octacore-4-0ghz-8gb-1tb-dvdrw-tmp\/\" class=\"wc-block-grid__product-link\">\n\t\t\t\t\t<div class=\"wc-block-grid__product-image\"><img width=\"300\" height=\"300\" src=\"https:\/\/i0.wp.com\/dapcomputer.com\/wp-content\/uploads\/2021\/05\/ASUS1035.jpg?resize=300%2C300&amp;ssl=1\" class=\"attachment-woocommerce_thumbnail size-woocommerce_thumbnail\" alt=\"COMPUTADOR PORTATIL ASUS I5-1035G1\/8GB RAM\/256 GB SSD\/15.6HD\/FP\/ENDLESS\/SILVER\/MOCHILA + MOUSE\" decoding=\"async\" loading=\"lazy\" srcset=\"https:\/\/i0.wp.com\/dapcomputer.com\/wp-content\/uploads\/2021\/05\/ASUS1035.jpg?resize=150%2C150&amp;ssl=1 150w, https:\/\/i0.wp.com\/dapcomputer.com\/wp-content\/uploads\/2021\/05\/ASUS1035.jpg?resize=300%2C300&amp;ssl=1 300w, https:\/\/i0.wp.com\/dapcomputer.com\/wp-content\/uploads\/2021\/05\/ASUS1035.jpg?resize=100%2C100&amp;ssl=1 100w\" sizes=\"(max-width: 300px) 100vw, 300px\" \/><\/div>\n\t\t\t\t\t<div class=\"wc-block-grid__product-title\">COMPUTADOR PORTATIL ASUS I5-1035G1\/8GB RAM\/256 GB SSD\/15.6HD\/FP\/ENDLESS\/SILVER\/MOCHILA + MOUSE<\/div>\n\t\t\t\t<\/a>\n\t\t\t\t\n\t\t\t\t<div class=\"wc-block-grid__product-price price\"><span class=\"woocommerce-Price-amount amount\"><span class=\"woocommerce-Price-currencySymbol\">&#036;<\/span>590<\/span><\/div>\n\t\t\t\t\n\t\t\t\t<div class=\"wp-block-button wc-block-grid__product-add-to-cart\"><a href=\"?add-to-cart=526\" aria-label=\"A\u00f1ade &ldquo;COMPUTADOR PORTATIL ASUS I5-1035G1\/8GB RAM\/256 GB SSD\/15.6HD\/FP\/ENDLESS\/SILVER\/MOCHILA + MOUSE&rdquo; a tu carrito\" data-quantity=\"1\" data-product_id=\"526\" data-product_sku=\"X515JA-BR4108\" rel=\"nofollow\" class=\"wp-block-button__link wp-element-button add_to_cart_button ajax_add_to_cart\">A\u00f1adir al carrito<\/a><\/div>\n\t\t\t<\/li><li class=\"wc-block-grid__product\">\n\t\t\t\t<a href=\"https:\/\/dapcomputer.com\/index.php\/producto\/mini-pc-xtratech-i3-9na-1tb-4gb-win-10\/\" class=\"wc-block-grid__product-link\">\n\t\t\t\t\t<div class=\"wc-block-grid__product-image\"><img width=\"300\" height=\"300\" src=\"https:\/\/i0.wp.com\/dapcomputer.com\/wp-content\/uploads\/2021\/05\/Mini-CI3.jpg?resize=300%2C300&amp;ssl=1\" class=\"attachment-woocommerce_thumbnail size-woocommerce_thumbnail\" alt=\"MINI PC XTRATECH I3 9NA\/ 1TB\/ 4GB\/ WIN 10\" decoding=\"async\" loading=\"lazy\" srcset=\"https:\/\/i0.wp.com\/dapcomputer.com\/wp-content\/uploads\/2021\/05\/Mini-CI3.jpg?resize=150%2C150&amp;ssl=1 150w, https:\/\/i0.wp.com\/dapcomputer.com\/wp-content\/uploads\/2021\/05\/Mini-CI3.jpg?resize=300%2C300&amp;ssl=1 300w, https:\/\/i0.wp.com\/dapcomputer.com\/wp-content\/uploads\/2021\/05\/Mini-CI3.jpg?resize=100%2C100&amp;ssl=1 100w, https:\/\/i0.wp.com\/dapcomputer.com\/wp-content\/uploads\/2021\/05\/Mini-CI3.jpg?zoom=2&amp;resize=300%2C300 600w, https:\/\/i0.wp.com\/dapcomputer.com\/wp-content\/uploads\/2021\/05\/Mini-CI3.jpg?zoom=3&amp;resize=300%2C300 900w\" sizes=\"(max-width: 300px) 100vw, 300px\" \/><\/div>\n\t\t\t\t\t<div class=\"wc-block-grid__product-title\">MINI PC XTRATECH I3 9NA\/ 1TB\/ 4GB\/ WIN 10<\/div>\n\t\t\t\t<\/a>\n\t\t\t\t\n\t\t\t\t<div class=\"wc-block-grid__product-price price\"><span class=\"woocommerce-Price-amount amount\"><span class=\"woocommerce-Price-currencySymbol\">&#036;<\/span>500<\/span><\/div>\n\t\t\t\t\n\t\t\t\t<div class=\"wp-block-button wc-block-grid__product-add-to-cart\"><a href=\"?add-to-cart=524\" aria-label=\"A\u00f1ade &ldquo;MINI PC XTRATECH I3 9NA\/ 1TB\/ 4GB\/ WIN 10&rdquo; a tu carrito\" data-quantity=\"1\" data-product_id=\"524\" data-product_sku=\"XM5-PLUS-I3\" rel=\"nofollow\" class=\"wp-block-button__link wp-element-button add_to_cart_button ajax_add_to_cart\">A\u00f1adir al carrito<\/a><\/div>\n\t\t\t<\/li><li class=\"wc-block-grid__product\">\n\t\t\t\t<a href=\"https:\/\/dapcomputer.com\/index.php\/producto\/mini-pc-xtratech-i5-9na-1tb-4gb\/\" class=\"wc-block-grid__product-link\">\n\t\t\t\t\t<div class=\"wc-block-grid__product-image\"><img width=\"300\" height=\"300\" src=\"https:\/\/i0.wp.com\/dapcomputer.com\/wp-content\/uploads\/2021\/05\/CI5.jpg?resize=300%2C300&amp;ssl=1\" class=\"attachment-woocommerce_thumbnail size-woocommerce_thumbnail\" alt=\"MINI PC XTRATECH I5 9NA\/ 1TB\/ 4GB\" decoding=\"async\" loading=\"lazy\" srcset=\"https:\/\/i0.wp.com\/dapcomputer.com\/wp-content\/uploads\/2021\/05\/CI5.jpg?resize=150%2C150&amp;ssl=1 150w, https:\/\/i0.wp.com\/dapcomputer.com\/wp-content\/uploads\/2021\/05\/CI5.jpg?resize=300%2C300&amp;ssl=1 300w, https:\/\/i0.wp.com\/dapcomputer.com\/wp-content\/uploads\/2021\/05\/CI5.jpg?resize=100%2C100&amp;ssl=1 100w, https:\/\/i0.wp.com\/dapcomputer.com\/wp-content\/uploads\/2021\/05\/CI5.jpg?zoom=2&amp;resize=300%2C300 600w, https:\/\/i0.wp.com\/dapcomputer.com\/wp-content\/uploads\/2021\/05\/CI5.jpg?zoom=3&amp;resize=300%2C300 900w\" sizes=\"(max-width: 300px) 100vw, 300px\" \/><\/div>\n\t\t\t\t\t<div class=\"wc-block-grid__product-title\">MINI PC XTRATECH I5 9NA\/ 1TB\/ 4GB<\/div>\n\t\t\t\t<\/a>\n\t\t\t\t\n\t\t\t\t<div class=\"wc-block-grid__product-price price\"><span class=\"woocommerce-Price-amount amount\"><span class=\"woocommerce-Price-currencySymbol\">&#036;<\/span>631<\/span><\/div>\n\t\t\t\t\n\t\t\t\t<div class=\"wp-block-button wc-block-grid__product-add-to-cart\"><a href=\"?add-to-cart=522\" aria-label=\"A\u00f1ade &ldquo;MINI PC XTRATECH I5 9NA\/ 1TB\/ 4GB&rdquo; a tu carrito\" data-quantity=\"1\" data-product_id=\"522\" data-product_sku=\"XM5-PLUS-I5\" rel=\"nofollow\" class=\"wp-block-button__link wp-element-button add_to_cart_button ajax_add_to_cart\">A\u00f1adir al carrito<\/a><\/div>\n\t\t\t<\/li><li class=\"wc-block-grid__product\">\n\t\t\t\t<a href=\"https:\/\/dapcomputer.com\/index.php\/producto\/xtratech-intel-i5-10ma-baby-gamer-ssd-m2-256-1tb-hdd-16gb-ram-fuente-700w-vga-2gb-w10\/\" class=\"wc-block-grid__product-link\">\n\t\t\t\t\t<div class=\"wc-block-grid__product-image\"><img width=\"300\" height=\"300\" src=\"https:\/\/i0.wp.com\/dapcomputer.com\/wp-content\/uploads\/2021\/05\/CI3-GAMER.jpg?resize=300%2C300&amp;ssl=1\" class=\"attachment-woocommerce_thumbnail size-woocommerce_thumbnail\" alt=\"XTRATECH INTEL I5 10MA BABY GAMER\/SSD M2 256\/1TB HDD\/16GB RAM\/FUENTE 700W\/VGA 2GB\/W10\" decoding=\"async\" loading=\"lazy\" srcset=\"https:\/\/i0.wp.com\/dapcomputer.com\/wp-content\/uploads\/2021\/05\/CI3-GAMER.jpg?resize=150%2C150&amp;ssl=1 150w, https:\/\/i0.wp.com\/dapcomputer.com\/wp-content\/uploads\/2021\/05\/CI3-GAMER.jpg?resize=300%2C300&amp;ssl=1 300w, https:\/\/i0.wp.com\/dapcomputer.com\/wp-content\/uploads\/2021\/05\/CI3-GAMER.jpg?resize=100%2C100&amp;ssl=1 100w, https:\/\/i0.wp.com\/dapcomputer.com\/wp-content\/uploads\/2021\/05\/CI3-GAMER.jpg?zoom=2&amp;resize=300%2C300 600w, https:\/\/i0.wp.com\/dapcomputer.com\/wp-content\/uploads\/2021\/05\/CI3-GAMER.jpg?zoom=3&amp;resize=300%2C300 900w\" sizes=\"(max-width: 300px) 100vw, 300px\" \/><\/div>\n\t\t\t\t\t<div class=\"wc-block-grid__product-title\">XTRATECH INTEL I5 10MA BABY GAMER\/SSD M2 256\/1TB HDD\/16GB RAM\/FUENTE 700W\/VGA 2GB\/W10<\/div>\n\t\t\t\t<\/a>\n\t\t\t\t\n\t\t\t\t<div class=\"wc-block-grid__product-price price\"><span class=\"woocommerce-Price-amount amount\"><span class=\"woocommerce-Price-currencySymbol\">&#036;<\/span>1026<\/span><\/div>\n\t\t\t\t\n\t\t\t\t<div class=\"wp-block-button wc-block-grid__product-add-to-cart\"><a href=\"?add-to-cart=519\" aria-label=\"A\u00f1ade &ldquo;XTRATECH INTEL I5 10MA BABY GAMER\/SSD M2 256\/1TB HDD\/16GB RAM\/FUENTE 700W\/VGA 2GB\/W10&rdquo; a tu carrito\" data-quantity=\"1\" data-product_id=\"519\" data-product_sku=\"G29D7D16-10\" rel=\"nofollow\" class=\"wp-block-button__link wp-element-button add_to_cart_button ajax_add_to_cart\">A\u00f1adir al carrito<\/a><\/div>\n\t\t\t<\/li><\/ul><\/div>\n\n<div data-block-name=\"woocommerce\/featured-product\" data-edit-mode=\"false\" data-focal-point=\"{&quot;x&quot;:&quot;0.52&quot;,&quot;y&quot;:&quot;0.50&quot;}\" data-product-id=\"537\" data-show-desc=\"false\" class=\"wc-block-featured-product alignnone has-background-dim wp-block-woocommerce-featured-product\" style=\"min-height:500px;\"><div class=\"wc-block-featured-product__wrapper\"><div class=\"background-dim__overlay\" style=\"background-color: #000000\"><\/div><img decoding=\"async\" alt=\"LICENCIA ANTIVIRUS ESET NOD32 OEM, SUSCRIPCI\u00d3N ANUAL PARA PLATAFORMA WINDOWS\" class=\"wc-block-featured-product__background-image\" src=\"https:\/\/i0.wp.com\/dapcomputer.com\/wp-content\/uploads\/2021\/05\/NOD32-OEM-gr.jpg?fit=843%2C446&#038;ssl=1\" style=\"object-fit: none;object-position: 52% 50%;\" \/><h2 class=\"wc-block-featured-product__title\">LICENCIA ANTIVIRUS ESET NOD32 OEM, SUSCRIPCI\u00d3N ANUAL PARA PLATAFORMA WINDOWS<\/h2><div class=\"wc-block-featured-product__price\"><span class=\"woocommerce-Price-amount amount\"><span class=\"woocommerce-Price-currencySymbol\">&#036;<\/span>20<\/span><\/div><div class=\"wc-block-featured-product__link\">\n\n<div class=\"wp-block-button aligncenter\"><a class=\"wp-block-button__link\" href=\"http:\/\/dapcomputer.com\/index.php\/producto\/licencia-antivirus-eset-nod32-oem-suscripcion-anual-para-plataforma-windows\/\">Comprar ahora<\/a><\/div>\n\n<\/div><\/div><\/div>\n\n\n<p><\/p>\n","protected":false},"excerpt":{"rendered":"<p>Nuevos productos<\/p>\n","protected":false},"author":1,"featured_media":0,"parent":0,"menu_order":0,"comment_status":"closed","ping_status":"closed","template":"","meta":[],"jetpack-related-posts":[{"id":463,"url":"https:\/\/dapcomputer.com\/index.php\/tienda\/","url_meta":{"origin":474,"position":0},"title":"TIENDA DAPCOM","author":"DPILATAXI","date":"15 mayo, 2021","format":false,"excerpt":"","rel":"","context":"Entrada similar","block_context":{"text":"Entrada similar","link":""},"img":{"alt_text":"","src":"","width":0,"height":0},"classes":[]},{"id":21,"url":"https:\/\/dapcomputer.com\/index.php\/nosotros\/","url_meta":{"origin":474,"position":1},"title":"QUI\u00c9NES SOMOS","author":"DPILATAXI","date":"18 septiembre, 2019","format":false,"excerpt":"DAPCOM, es una empresa ecuatoriana de Soluciones Tecnol\u00f3gicas que naci\u00f3 en el 2005 enfocada en la implementaci\u00f3n, comercializaci\u00f3n e integraci\u00f3n de proyectos tecnol\u00f3gicos para todos sus clientes a nivel Nacional. Para cumplir con este cometido DAPCOM cuenta con un completo staff de personal t\u00e9cnico calificado para todos sus servicios. MISI\u00d3N\u2026","rel":"","context":"Entrada similar","block_context":{"text":"Entrada similar","link":""},"img":{"alt_text":"","src":"https:\/\/i0.wp.com\/img.youtube.com\/vi\/I_lOUy6HvrI\/0.jpg?resize=350%2C200","width":350,"height":200},"classes":[]},{"id":15,"url":"https:\/\/dapcomputer.com\/index.php\/servicios\/","url_meta":{"origin":474,"position":2},"title":"SERVICIOS Y PRODUCTOS","author":"DPILATAXI","date":"18 septiembre, 2019","format":false,"excerpt":"GESTI\u00d3N Y ASESORAMIENTO TI Este servicio tiene por objetivo ofrecer una soluci\u00f3n global a todas las necesidades relacionadas con la inform\u00e1tica y las telecomunicaciones de una empresa. Podemos adaptarnos al grado de externalizaci\u00f3n requerido por cada empresa pudiendo llegar a constituir un departamento TIC completo. VENTA DE HARDWARE Y SOFTWARE\u2026","rel":"","context":"Entrada similar","block_context":{"text":"Entrada similar","link":""},"img":{"alt_text":"","src":"","width":0,"height":0},"classes":[]}],"_links":{"self":[{"href":"https:\/\/dapcomputer.com\/index.php\/wp-json\/wp\/v2\/pages\/474"}],"collection":[{"href":"https:\/\/dapcomputer.com\/index.php\/wp-json\/wp\/v2\/pages"}],"about":[{"href":"https:\/\/dapcomputer.com\/index.php\/wp-json\/wp\/v2\/types\/page"}],"author":[{"embeddable":true,"href":"https:\/\/dapcomputer.com\/index.php\/wp-json\/wp\/v2\/users\/1"}],"replies":[{"embeddable":true,"href":"https:\/\/dapcomputer.com\/index.php\/wp-json\/wp\/v2\/comments?post=474"}],"version-history":[{"count":15,"href":"https:\/\/dapcomputer.com\/index.php\/wp-json\/wp\/v2\/pages\/474\/revisions"}],"predecessor-version":[{"id":551,"href":"https:\/\/dapcomputer.com\/index.php\/wp-json\/wp\/v2\/pages\/474\/revisions\/551"}],"wp:attachment":[{"href":"https:\/\/dapcomputer.com\/index.php\/wp-json\/wp\/v2\/media?parent=474"}],"curies":[{"name":"wp","href":"https:\/\/api.w.org\/{rel}","templated":true}]}}