{"id":537,"date":"2021-05-16T21:40:54","date_gmt":"2021-05-16T21:40:54","guid":{"rendered":"http:\/\/dapcomputer.com\/?post_type=product&#038;p=537"},"modified":"2024-03-01T12:12:01","modified_gmt":"2024-03-01T12:12:01","slug":"licencia-antivirus-eset-nod32-oem-suscripcion-anual-para-plataforma-windows","status":"publish","type":"product","link":"https:\/\/dapcomputer.com\/index.php\/producto\/licencia-antivirus-eset-nod32-oem-suscripcion-anual-para-plataforma-windows\/","title":{"rendered":"LICENCIA ANTIVIRUS ESET NOD32 OEM, SUSCRIPCI\u00d3N ANUAL PARA PLATAFORMA WINDOWS"},"content":{"rendered":"<p>&#8211; LICENCIA POR 1 A\u00d1O CALENDARIO A PARTIR DE ACTIVACI\u00d3N.<br \/>\n&#8211; LICENCIA ON LINE.<\/p>\n<p><strong>BENEFICIOS:<\/strong><br \/>\n* PROTEGE TU EQUIPO ANTE TODO TIPO DE AMENAZAS.<br \/>\n* EVITA QUE APLICACIONES ESP\u00cdAS INGRESEN EN TU EQUIPO Y TE ROBEN INFORMACI\u00d3N SIN QUE LO SEPAS.<br \/>\n* CUIDA TU PRIVACIDAD EN INTERNET Y EVITA QUE INGRESES EN SITIOS FALSOS.<br \/>\n* PROTEGE TU EQUIPO ANTE AMENAZAS QUE BUSCAN ACCEDER A TRAV\u00c9S DE APLICACIONES\u00a0 \u00a0 \u00a0 \u00a0 \u00a0VULNERABLES.<br \/>\n* EVITA QUE TUS ARCHIVOS SE INFECTEN.<\/p>\n","protected":false},"excerpt":{"rendered":"<p>* Precio no tiene IVA<\/p>\n","protected":false},"featured_media":538,"comment_status":"open","ping_status":"closed","template":"","meta":[],"product_cat":[29,28],"product_tag":[],"jetpack-related-posts":[],"_links":{"self":[{"href":"https:\/\/dapcomputer.com\/index.php\/wp-json\/wp\/v2\/product\/537"}],"collection":[{"href":"https:\/\/dapcomputer.com\/index.php\/wp-json\/wp\/v2\/product"}],"about":[{"href":"https:\/\/dapcomputer.com\/index.php\/wp-json\/wp\/v2\/types\/product"}],"replies":[{"embeddable":true,"href":"https:\/\/dapcomputer.com\/index.php\/wp-json\/wp\/v2\/comments?post=537"}],"wp:featuredmedia":[{"embeddable":true,"href":"https:\/\/dapcomputer.com\/index.php\/wp-json\/wp\/v2\/media\/538"}],"wp:attachment":[{"href":"https:\/\/dapcomputer.com\/index.php\/wp-json\/wp\/v2\/media?parent=537"}],"wp:term":[{"taxonomy":"product_cat","embeddable":true,"href":"https:\/\/dapcomputer.com\/index.php\/wp-json\/wp\/v2\/product_cat?post=537"},{"taxonomy":"product_tag","embeddable":true,"href":"https:\/\/dapcomputer.com\/index.php\/wp-json\/wp\/v2\/product_tag?post=537"}],"curies":[{"name":"wp","href":"https:\/\/api.w.org\/{rel}","templated":true}]}}