{"id":539,"date":"2021-05-16T21:47:47","date_gmt":"2021-05-16T21:47:47","guid":{"rendered":"http:\/\/dapcomputer.com\/?post_type=product&#038;p=539"},"modified":"2024-07-07T04:01:11","modified_gmt":"2024-07-07T04:01:11","slug":"disco-solido-ssd-crucial-240gb-x500-sata","status":"publish","type":"product","link":"https:\/\/dapcomputer.com\/index.php\/producto\/disco-solido-ssd-crucial-240gb-x500-sata\/","title":{"rendered":"DISCO SOLIDO SSD KINGSTON A400 480GB"},"content":{"rendered":"<table>\n<tbody>\n<tr>\n<td>Factor de forma<\/td>\n<td>2,5&#8243;<\/td>\n<\/tr>\n<tr>\n<td>Interfaz<\/td>\n<td>SATA Rev. 3.0 (6 Gb\/s), retrocompatible con SATA Rev. 2.0 (3 Gb\/s)<\/td>\n<\/tr>\n<tr>\n<td>Capacidades<sup class=\"u-txt-footnote\" data-original=\"{{Footnote.N37130}}\">2<\/sup><\/td>\n<td>120GB, 240GB, 480GB, 960GB<\/td>\n<\/tr>\n<tr>\n<td>NAND<\/td>\n<td>3D<\/td>\n<\/tr>\n<tr>\n<td>Rendimiento de referencia<sup class=\"u-txt-footnote\" data-original=\"{{Footnote.N56784}}\">1<\/sup><\/td>\n<td>Transferencia de datos (ATTO)<br \/>\n120 GB \u2013 hasta 500 MB\/s en lectura y 320 MB\/s en escritura<br \/>\n240 GB \u2013 hasta 500 MB\/s en lectura y 350 MB\/s en escritura<br \/>\n480 GB \u2013 hasta 500 MB\/s en lectura y 450 MB\/s en escritura<br \/>\n960 GB \u2013 hasta 500 MB\/s en lectura y 450 MB\/s en escritura<\/td>\n<\/tr>\n<tr>\n<td>Consumo de energ\u00eda<\/td>\n<td>0,195 W en reposo \/ 0,279 W promedio \/ 0,642 W (m\u00e1x) lectura \/ 1,535 W (m\u00e1x) escritura<\/td>\n<\/tr>\n<tr>\n<td>Temperatura de almacenamiento<\/td>\n<td>-40\u00b0C~85\u00b0C<\/td>\n<\/tr>\n<tr>\n<td>Temperatura de servicio<\/td>\n<td>0\u00b0C~70\u00b0C<\/td>\n<\/tr>\n<tr>\n<td>Dimensiones<\/td>\n<td>100,0 mm x 69,9 mm x 7,0 mm (2,5\u201d)<\/td>\n<\/tr>\n<tr>\n<td>Peso<\/td>\n<td>39 g (120 GB \u2013 2,5\u201d)<br \/>\n41 g (240-480 GB \u2013 2,5\u201d)<br \/>\n41,9 g (960 GB \u2013 2,5\u201d)<\/td>\n<\/tr>\n<tr>\n<td>Vibraci\u00f3n en funcionamiento<\/td>\n<td>2,17 G m\u00e1xima (7\u2013800 Hz)<\/td>\n<\/tr>\n<tr>\n<td>Vibraci\u00f3n en reposo<\/td>\n<td>20 G m\u00e1xima (10\u20132000 Hz)<\/td>\n<\/tr>\n<tr>\n<td>Vida \u00fatil<\/td>\n<td>1 mill\u00f3n de horas MTBF<\/td>\n<\/tr>\n<tr>\n<td>Garant\u00eda\/asistencia<sup class=\"u-txt-footnote\" data-original=\"{{Footnote.N47046}}\">3<\/sup><\/td>\n<td>Tres a\u00f1os de garant\u00eda limitada, con asistencia t\u00e9cnica gratuita<\/td>\n<\/tr>\n<tr>\n<td>Total de bytes escritos (TBW)<sup class=\"u-txt-footnote\" data-original=\"{{Footnote.N37133}}\">4<\/sup><\/td>\n<td>120GB: 40TB<br \/>\n240GB: 80TB<br \/>\n480GB: 160TB<br \/>\n960GB: 300TB<\/td>\n<\/tr>\n<\/tbody>\n<\/table>\n","protected":false},"excerpt":{"rendered":"<p>* Precio pago con tarjeta de cr\u00e9dito<\/p>\n<p>* Pago\u00a0 en efectivo descuento del 5%<\/p>\n","protected":false},"featured_media":595,"comment_status":"open","ping_status":"closed","template":"","meta":[],"product_cat":[31,30],"product_tag":[],"jetpack-related-posts":[{"id":526,"url":"https:\/\/dapcomputer.com\/index.php\/producto\/xtratech-amd-fx8370-octacore-4-0ghz-8gb-1tb-dvdrw-tmp\/","url_meta":{"origin":539,"position":0},"title":"COMPUTADOR PORTATIL ASUS I5-1035G1\/8GB RAM\/256 GB SSD\/15.6HD\/FP\/ENDLESS\/SILVER\/MOCHILA + MOUSE","author":"DPILATAXI","date":"16 mayo, 2021","format":false,"excerpt":"* Precio pago con tarjeta de cr\u00e9dito * Pago\u00a0 en efectivo descuento del 5% * Precio de promoci\u00f3n pocas unidades depende stock","rel":"","context":"Entrada similar","block_context":{"text":"Entrada similar","link":""},"img":{"alt_text":"","src":"https:\/\/i0.wp.com\/dapcomputer.com\/wp-content\/uploads\/2021\/05\/ASUS1035.jpg?fit=560%2C700&ssl=1&resize=350%2C200","width":350,"height":200},"classes":[]},{"id":530,"url":"https:\/\/dapcomputer.com\/index.php\/producto\/impresora-multifuncion-hp-wl-500-tinta-continua-11ppm-5-ppm-incluye-cables-usb\/","url_meta":{"origin":539,"position":1},"title":"IMPRESORA EPSON L1250 SINGLE FUCTION WIFI CON APP SMART PANEL COPIA\/ESCANEA T544 C11CJ71301","author":"DPILATAXI","date":"16 mayo, 2021","format":false,"excerpt":"* Precio pago con tarjeta de cr\u00e9dito * Pago\u00a0 en efectivo descuento del 5% * Precio de promoci\u00f3n pocas unidades depende stock","rel":"","context":"Entrada similar","block_context":{"text":"Entrada similar","link":""},"img":{"alt_text":"","src":"https:\/\/i0.wp.com\/dapcomputer.com\/wp-content\/uploads\/2021\/05\/L3210.jpg?fit=560%2C700&ssl=1&resize=350%2C200","width":350,"height":200},"classes":[]}],"_links":{"self":[{"href":"https:\/\/dapcomputer.com\/index.php\/wp-json\/wp\/v2\/product\/539"}],"collection":[{"href":"https:\/\/dapcomputer.com\/index.php\/wp-json\/wp\/v2\/product"}],"about":[{"href":"https:\/\/dapcomputer.com\/index.php\/wp-json\/wp\/v2\/types\/product"}],"replies":[{"embeddable":true,"href":"https:\/\/dapcomputer.com\/index.php\/wp-json\/wp\/v2\/comments?post=539"}],"wp:featuredmedia":[{"embeddable":true,"href":"https:\/\/dapcomputer.com\/index.php\/wp-json\/wp\/v2\/media\/595"}],"wp:attachment":[{"href":"https:\/\/dapcomputer.com\/index.php\/wp-json\/wp\/v2\/media?parent=539"}],"wp:term":[{"taxonomy":"product_cat","embeddable":true,"href":"https:\/\/dapcomputer.com\/index.php\/wp-json\/wp\/v2\/product_cat?post=539"},{"taxonomy":"product_tag","embeddable":true,"href":"https:\/\/dapcomputer.com\/index.php\/wp-json\/wp\/v2\/product_tag?post=539"}],"curies":[{"name":"wp","href":"https:\/\/api.w.org\/{rel}","templated":true}]}}